{"id":1324,"date":"2021-07-30T09:21:28","date_gmt":"2021-07-30T07:21:28","guid":{"rendered":"https:\/\/www.ssip.ch\/?page_id=1324"},"modified":"2021-08-23T07:43:08","modified_gmt":"2021-08-23T05:43:08","slug":"legal-notice","status":"publish","type":"page","link":"https:\/\/www.ssip.ch\/en\/legal-notice\/","title":{"rendered":"Legal Notice"},"content":{"rendered":"\n<style type=\"text\/css\" id=\"style-css-av-2b4d92-58bffef3b7417684192f14d564408dd0\">\n.avia-section.av-2b4d92-58bffef3b7417684192f14d564408dd0{\nbackground-color:#0083c3;\n}\n.avia-section.av-2b4d92-58bffef3b7417684192f14d564408dd0 .av-extra-border-element .av-extra-border-inner{\nbackground-color:#0083c3;\n}\n<\/style>\n<div id='av_section_1'  class='avia-section av-2b4d92-58bffef3b7417684192f14d564408dd0 main_color avia-section-default avia-no-border-styling  avia-builder-el-0  el_before_av_section  avia-builder-el-first  avia-bg-style-scroll  av-arrow-down-section av-minimum-height av-minimum-height-custom  container_wrap sidebar_right'  ><div class='container av-section-cont-open' style='height:250px'><main  role=\"main\" itemprop=\"mainContentOfPage\"  class='template-page content  av-content-small alpha units'><div class='post-entry post-entry-type-page post-entry-1324'><div class='entry-content-wrapper clearfix'>\n\n<style type=\"text\/css\" id=\"style-css-av-20y7xa-fcc47aec09909121afe54e9dce83f387\">\n#top .av-special-heading.av-20y7xa-fcc47aec09909121afe54e9dce83f387{\npadding-bottom:10px;\ncolor:#ffffff;\nfont-size:72px;\n}\n.av-special-heading.av-20y7xa-fcc47aec09909121afe54e9dce83f387 .special-heading-inner-border{\nborder-color:#ffffff;\n}\n.av-special-heading.av-20y7xa-fcc47aec09909121afe54e9dce83f387 .av-subheading{\nfont-size:20px;\n}\n<\/style>\n<div  class='av-special-heading av-20y7xa-fcc47aec09909121afe54e9dce83f387 av-special-heading-h3 custom-color-heading blockquote modern-quote  avia-builder-el-1  avia-builder-el-no-sibling  av-inherit-size '><h3 class='av-special-heading-tag '  itemprop=\"headline\"  >Legal Notice<\/h3><div class='av_custom_color av-subheading av-subheading_below '><p>We look forward to hearing from you with SSIP.<\/p>\n<\/div><div class='special-heading-border'><div class='special-heading-inner-border'><\/div><\/div><\/div>\n\n<\/div><\/div><\/main><!-- close content main element --><\/div><div class='av-extra-border-element border-extra-arrow-down'><div class='av-extra-border-outer'><div class='av-extra-border-inner'><\/div><\/div><\/div><\/div>\n<style type=\"text\/css\" id=\"style-css-av-1yt6ry-efdc5cb676ded64e54ad4fda8e8d3f22\">\n.avia-section.av-1yt6ry-efdc5cb676ded64e54ad4fda8e8d3f22 .av-extra-border-element .av-extra-border-inner{\nbackground-color:#ffffff;\n}\n<\/style>\n<div id='av_section_2'  class='avia-section av-1yt6ry-efdc5cb676ded64e54ad4fda8e8d3f22 main_color avia-section-default avia-no-border-styling  avia-builder-el-2  el_after_av_section  avia-builder-el-last  avia-bg-style-scroll  av-arrow-down-section container_wrap sidebar_right'  ><div class='container av-section-cont-open' ><div class='template-page content  av-content-small alpha units'><div class='post-entry post-entry-type-page post-entry-1324'><div class='entry-content-wrapper clearfix'>\n\n<style type=\"text\/css\" id=\"style-css-av-1j3uxa-858138ac8644469ae2016b0f1b82d61a\">\n.flex_column.av-1j3uxa-858138ac8644469ae2016b0f1b82d61a{\nborder-radius:0px 0px 0px 0px;\n-webkit-border-radius:0px 0px 0px 0px;\n-moz-border-radius:0px 0px 0px 0px;\n}\n<\/style>\n<div class='flex_column av-1j3uxa-858138ac8644469ae2016b0f1b82d61a av_one_half  avia-builder-el-3  el_before_av_one_half  avia-builder-el-first  first flex_column_div av-zero-column-padding '   ><section class=\"av_textblock_section \"  itemscope=\"itemscope\" itemtype=\"https:\/\/schema.org\/CreativeWork\" ><div class='avia_textblock  '  style='font-size:16px; '  itemprop=\"text\" ><h3>Responsible for the content \/ address<\/h3>\n<p>Sterchi Share Incentives &amp; Pensions (SSIP) AG<br \/>\nChurerstrasse 135<br \/>\n8808 Pf\u00e4ffikon SZ<br \/>\nSwitzerland<\/p>\n<h3>Contact<\/h3>\n<p>Email:\u00a0info@ssip.ch<br \/>\nPhone: +41 (0)55 416 26 06<\/p>\n<h3>Artwork<\/h3>\n<p>Graphics and Design: Andr\u00e9 Cl\u00e9men\u00e7on Communication &amp; Design<br \/>\n(www.clemencon.com)<br \/>\nPortrait Photography:\u00a0Mathias N\u00e4geli<\/p>\n<\/div><\/section><\/div>\n<style type=\"text\/css\" id=\"style-css-av-17snz2-e6b31a90b513bdaaf8a8b0ee05d3e1c2\">\n.flex_column.av-17snz2-e6b31a90b513bdaaf8a8b0ee05d3e1c2{\nborder-radius:0px 0px 0px 0px;\n-webkit-border-radius:0px 0px 0px 0px;\n-moz-border-radius:0px 0px 0px 0px;\n}\n<\/style>\n<div class='flex_column av-17snz2-e6b31a90b513bdaaf8a8b0ee05d3e1c2 av_one_half  avia-builder-el-5  el_after_av_one_half  avia-builder-el-last  flex_column_div av-zero-column-padding '   ><section class=\"av_textblock_section \"  itemscope=\"itemscope\" itemtype=\"https:\/\/schema.org\/CreativeWork\" ><div class='avia_textblock  '   itemprop=\"text\" ><h3>Liability for Content<\/h3>\n<p>All content on our website was created with the greatest care and to the best of our knowledge. However, we cannot accept any liability for the correctness, completeness and topicality of the content. As a service provider, we are responsible for our own content on these pages in accordance with general law. As a service provider, however, we are not obliged to monitor transmitted or stored third-party information or to research circumstances that indicate illegal activity. Obligations to remove or block the use of information according to general laws remain unaffected.<\/p>\n<p>However, liability in this regard is only possible from the point in time at which we become aware of a specific legal violation. If we become aware of the above legal violations, we will remove this content immediately.<\/p>\n<h3>Limitation of Liability for External Links<\/h3>\n<p>Our website contains links to external third party websites. We have no influence on the content of these directly or indirectly linked websites. Therefore, we cannot guarantee the correctness of the content of the &#8220;external links&#8221;. The respective providers or operators (authors) of the pages are responsible for the content of the external links.<\/p>\n<p>The external links were checked for possible legal violations at the time the links were set and were free of illegal content at the time the link was set. A constant review of the content of the external links is not possible without concrete evidence of a violation of the law. In the case of direct or indirect links to the websites of third parties that are outside our area of responsibility, a liability obligation would only exist if we became aware of the content and it would be technically possible and reasonable for us to prevent its use in the event of illegal content .<\/p>\n<p>This disclaimer of liability also applies to links and references from questioners, blog posts and guests of the discussion forum within the company&#8217;s own website &#8220;<em> ssip.ch <\/em>&#8220;. For illegal, incorrect or incomplete content and in particular for damage resulting from the use or non-use of information presented in this way, the service provider of the page to which reference was made is solely liable, not the person who merely refers to the respective publication via links.<\/p>\n<p>If we become aware of legal violations, we will remove the external links immediately.<\/p>\n<h3>Copyright<\/h3>\n<p>The content and works published on our website are subject to copyright. The duplication, processing, distribution and any kind of exploitation of the intellectual property from the intellectual and material point of view of the author outside the limits of copyright require the prior written consent of the respective author within the meaning of the Copyright Act. Downloads and copies of this website are only permitted for private and non-commercial use. If the content on our website was not created by us, the copyrights of third parties must be observed. Third party content is identified as such. Should you nevertheless become aware of a copyright infringement, we would ask you to notify us accordingly. If we become aware of any legal violations, we will remove such content immediately.<\/p>\n<\/div><\/section><\/div><\/div><\/div><\/div><!-- close content main div --><\/div><div class='av-extra-border-element border-extra-arrow-down'><div class='av-extra-border-outer'><div class='av-extra-border-inner'><\/div><\/div><\/div><\/div><div id='after_section_2'  class='main_color av_default_container_wrap container_wrap sidebar_right'  ><div class='container av-section-cont-open' ><div class='template-page content  av-content-small alpha units'><div class='post-entry post-entry-type-page post-entry-1324'><div class='entry-content-wrapper clearfix'>\n","protected":false},"excerpt":{"rendered":"","protected":false},"author":5,"featured_media":0,"parent":0,"menu_order":0,"comment_status":"closed","ping_status":"closed","template":"","meta":{"_seopress_robots_primary_cat":"","_seopress_titles_title":"","_seopress_titles_desc":"","_seopress_robots_index":"","footnotes":""},"class_list":["post-1324","page","type-page","status-publish","hentry"],"_links":{"self":[{"href":"https:\/\/www.ssip.ch\/en\/wp-json\/wp\/v2\/pages\/1324","targetHints":{"allow":["GET"]}}],"collection":[{"href":"https:\/\/www.ssip.ch\/en\/wp-json\/wp\/v2\/pages"}],"about":[{"href":"https:\/\/www.ssip.ch\/en\/wp-json\/wp\/v2\/types\/page"}],"author":[{"embeddable":true,"href":"https:\/\/www.ssip.ch\/en\/wp-json\/wp\/v2\/users\/5"}],"replies":[{"embeddable":true,"href":"https:\/\/www.ssip.ch\/en\/wp-json\/wp\/v2\/comments?post=1324"}],"version-history":[{"count":11,"href":"https:\/\/www.ssip.ch\/en\/wp-json\/wp\/v2\/pages\/1324\/revisions"}],"predecessor-version":[{"id":1434,"href":"https:\/\/www.ssip.ch\/en\/wp-json\/wp\/v2\/pages\/1324\/revisions\/1434"}],"wp:attachment":[{"href":"https:\/\/www.ssip.ch\/en\/wp-json\/wp\/v2\/media?parent=1324"}],"curies":[{"name":"wp","href":"https:\/\/api.w.org\/{rel}","templated":true}]}}